{"id":41537,"date":"2015-04-21T13:28:29","date_gmt":"2015-04-21T11:28:29","guid":{"rendered":"https:\/\/ruralhomes.es\/index.php\/contact\/"},"modified":"2024-09-05T20:24:25","modified_gmt":"2024-09-05T18:24:25","slug":"contact","status":"publish","type":"page","link":"https:\/\/ruralhomes.es\/en\/index.php\/contact\/","title":{"rendered":"Contact"},"content":{"rendered":"\t\t<div data-elementor-type=\"wp-page\" data-elementor-id=\"41537\" class=\"elementor elementor-41537\" data-elementor-post-type=\"page\">\n\t\t\t\t\t\t<section class=\"elementor-section elementor-top-section elementor-element elementor-element-aebf621 elementor-section-full_width elementor-section-content-middle elementor-section-height-default elementor-section-height-default elementor-invisible\" data-id=\"aebf621\" data-element_type=\"section\" data-settings=\"{&quot;background_background&quot;:&quot;classic&quot;,&quot;animation&quot;:&quot;fadeIn&quot;}\">\n\t\t\t\t\t\t\t<div class=\"elementor-background-overlay\"><\/div>\n\t\t\t\t\t\t\t<div class=\"elementor-container elementor-column-gap-default\">\n\t\t\t\t\t<div class=\"elementor-column elementor-col-50 elementor-top-column elementor-element elementor-element-2883e19\" data-id=\"2883e19\" data-element_type=\"column\">\n\t\t\t<div class=\"elementor-widget-wrap elementor-element-populated\">\n\t\t\t\t\t\t<section class=\"elementor-section elementor-inner-section elementor-element elementor-element-e648dec elementor-section-boxed elementor-section-height-default elementor-section-height-default\" data-id=\"e648dec\" data-element_type=\"section\">\n\t\t\t\t\t\t<div class=\"elementor-container elementor-column-gap-default\">\n\t\t\t\t\t<div class=\"elementor-column elementor-col-100 elementor-inner-column elementor-element elementor-element-4c3aa10\" data-id=\"4c3aa10\" data-element_type=\"column\">\n\t\t\t<div class=\"elementor-widget-wrap elementor-element-populated\">\n\t\t\t\t\t\t<div class=\"elementor-element elementor-element-87d2e25 elementor-widget elementor-widget-heading\" data-id=\"87d2e25\" data-element_type=\"widget\" data-widget_type=\"heading.default\">\n\t\t\t\t<div class=\"elementor-widget-container\">\n\t\t\t\t\t<h2 class=\"elementor-heading-title elementor-size-default\">Contact us at<\/h2>\t\t\t\t<\/div>\n\t\t\t\t<\/div>\n\t\t\t\t<div class=\"elementor-element elementor-element-1f2fe9a elementor-widget elementor-widget-heading\" data-id=\"1f2fe9a\" data-element_type=\"widget\" data-widget_type=\"heading.default\">\n\t\t\t\t<div class=\"elementor-widget-container\">\n\t\t\t\t\t<h2 class=\"elementor-heading-title elementor-size-default\">We value your comments, questions and concerns. Please do not hesitate to contact us. Our team is here to assist you with everything you need.<\/h2>\t\t\t\t<\/div>\n\t\t\t\t<\/div>\n\t\t\t\t<div class=\"elementor-element elementor-element-783d5fc elementor-button-align-stretch elementor-widget elementor-widget-WpRentals_Contact_Form_Builder\" data-id=\"783d5fc\" data-element_type=\"widget\" data-widget_type=\"WpRentals_Contact_Form_Builder.default\">\n\t\t\t\t<div class=\"elementor-widget-container\">\n\t\t\t\t\t\n\n\n\n\n\t\t\t<form class=\"elementor-form wprentals_elementor_form\"  id=\"wprentals-elementor-form-783d5fc\" method=\"post\" >\n            <div id=\"booking_form_request_mess_modal\"><\/div>\n\n            <input name=\"prop_id\" type=\"hidden\"  id=\"contact_form_elementor\" value=\"1\">\n            <input type=\"hidden\" name=\"contact_ajax_nonce\" id=\"agent_property_ajax_nonce\"  value=\"88bcd1e39c\" \/>\n\n            <input type=\"hidden\" id=\"elementor_email_subject\" name=\"email_suject\" value=\"New email from &quot;WpRentals Theme Demo Site&quot; \" \/>\n            <div class=\"alert-message\" id=\"booking_form_request_mess_elementor\"><\/div>\n            \n\t\t\t\t\t\t<div class=\"elementor-form-fields-wrapper elementor-labels-above\">\n\t\t\t\t\t\t\t\t<div class=\"elementor-field-group elementor-column form-group elementor-field-group-name elementor-col-50\"><label for=\"form-field-name\" class=\"elementor-field-label elementor-screen-only\">Nombre<\/label><input type=\"text\" name=\"name\" id=\"rentals_contact_builder_name\" class=\"elementor-field form-control elementor-size-sm elementor-field-textual\" placeholder=\"Nombre\"><\/div><div class=\"elementor-field-group elementor-column form-group elementor-field-group-email elementor-field-required elementor-col-50\"><label for=\"form-field-email\" class=\"elementor-field-label elementor-screen-only\">Email*<\/label><input type=\"email\" name=\"email\" id=\"rentals_contact_builder_email\" class=\"elementor-field form-control elementor-size-sm elementor-field-textual\" required=\"required\" placeholder=\"Email\"><\/div><div class=\"elementor-field-group elementor-column form-group elementor-field-group-booking_from_date elementor-field-required elementor-col-50\"><label for=\"form-field-booking_from_date\" class=\"elementor-field-label elementor-screen-only\">Tel\u00e9fono*<\/label><input type=\"text\" name=\"mobile\" id=\"rentals_contact_builder_mobile\" class=\"elementor-field form-control elementor-size-sm elementor-field-textual\" required=\"required\" placeholder=\"Tel\u00e9fono\"><\/div><div class=\"elementor-field-group elementor-column form-group elementor-field-group-9aaf781 elementor-field-required elementor-col-50\"><label for=\"form-field-9aaf781\" class=\"elementor-field-label elementor-screen-only\">Hu\u00e9spedes*<\/label><input type=\"text\" name=\"guests\" id=\"rentals_contact_builder_guests\" class=\"elementor-field form-control elementor-size-sm elementor-field-textual\" required=\"required\" placeholder=\"Hu\u00e9spedes\"><\/div><div class=\"elementor-field-group elementor-column form-group elementor-field-group-39b4bb3 elementor-field-required elementor-col-50\"><label for=\"form-field-39b4bb3\" class=\"elementor-field-label elementor-screen-only\">Check-in*<\/label><input type=\"text\" name=\"booking_from_date\" id=\"rentals_contact_builder_booking_from_date\" class=\"elementor-field form-control elementor-size-sm elementor-field-textual\" required=\"required\" placeholder=\"Check in\"><\/div><div class=\"elementor-field-group elementor-column form-group elementor-field-group-56c0d81 elementor-field-required elementor-col-50\"><label for=\"form-field-56c0d81\" class=\"elementor-field-label elementor-screen-only\">Check out*<\/label><input type=\"text\" name=\"booking_to_date\" id=\"rentals_contact_builder_booking_to_date\" class=\"elementor-field form-control elementor-size-sm elementor-field-textual\" required=\"required\" placeholder=\"Check out\"><\/div><div class=\"elementor-field-group elementor-column form-group elementor-field-group-f1f6333 elementor-col-50\"><label for=\"form-field-f1f6333\" class=\"elementor-field-label elementor-screen-only\">Ciudad<\/label><input type=\"text\" name=\"city\" id=\"rentals_contact_builder_city\" class=\"elementor-field form-control elementor-size-sm elementor-field-textual\" placeholder=\"Ciudad\"><\/div><div class=\"elementor-field-group elementor-column form-group elementor-field-group-6c57279 elementor-col-50\"><label for=\"form-field-6c57279\" class=\"elementor-field-label elementor-screen-only\">Pa\u00eds<\/label><input type=\"text\" name=\"country\" id=\"rentals_contact_builder_country\" class=\"elementor-field form-control elementor-size-sm elementor-field-textual\" placeholder=\"Pa\u00eds\"><\/div><div class=\"elementor-field-group elementor-column form-group elementor-field-group-message elementor-col-100\"><label for=\"form-field-message\" class=\"elementor-field-label elementor-screen-only\">Mensaje<\/label><textarea class=\"form-control elementor-field-textual elementor-field elementor-size-sm\" name=\"message\" id=\"form-field-message\" rows=\"4\" placeholder=\"Mensaje\"><\/textarea><\/div>\n\t\t\t\t\t\t\t\t<div class=\"elementor-field-group elementor-column elementor-field-type-submit elementor-col-100\">\n\t\t\t\t\t\t\t\t\t\t\t\t\t\t\t\t\t\t<button type=\"submit\" class=\"agent_submit_class_elementor wpresidence_button wprentals_button_elementor elementor-button elementor-size-md\">\n\t\t\t\t\t\t\t\t\t\t\t\t\t\t\t\t\t\t\t\t\t\t\t\tEnviar Correo\t\t\t\t\t\t\t\t\t\t\t\t\t\t\t\t\t\t\t\t<\/button>\n\n\t\t\t\t\t\t\t\t<\/div>\n\t\t\t\t\t\t<\/div>\n\n\n\n\t\t\t\t<\/form>\n        <script>\n\n            jQuery(document).ready(function() {\n           \n                jQuery('input[name=\"booking_from_date\"]').each(function(){             \n                    var item_parent =   jQuery(this).parent().parent();\n                    var in_date     =   item_parent.find('input[name=\"booking_from_date\"]') .attr('id');\n                    var out_date    =   item_parent.find('input[name=\"booking_to_date\"]') .attr('id');\n                    console.log('in_date : '+in_date +\" out_date \"+out_date);\n                    wpestaste_check_in_out_enable_new(in_date, out_date);\n                    \n                });\n                wprentals_elementor_submit_form();\n            });\n        <\/script>\n\n\n\n    \t\t\t\t<\/div>\n\t\t\t\t<\/div>\n\t\t\t\t\t<\/div>\n\t\t<\/div>\n\t\t\t\t\t<\/div>\n\t\t<\/section>\n\t\t\t\t\t<\/div>\n\t\t<\/div>\n\t\t\t\t<div class=\"elementor-column elementor-col-50 elementor-top-column elementor-element elementor-element-389d46b\" data-id=\"389d46b\" data-element_type=\"column\" data-settings=\"{&quot;background_background&quot;:&quot;classic&quot;}\">\n\t\t\t<div class=\"elementor-widget-wrap elementor-element-populated\">\n\t\t\t\t\t\t<div class=\"elementor-element elementor-element-71dbfd3 elementor-widget elementor-widget-spacer\" data-id=\"71dbfd3\" data-element_type=\"widget\" data-widget_type=\"spacer.default\">\n\t\t\t\t<div class=\"elementor-widget-container\">\n\t\t\t\t\t\t\t<div class=\"elementor-spacer\">\n\t\t\t<div class=\"elementor-spacer-inner\"><\/div>\n\t\t<\/div>\n\t\t\t\t\t\t<\/div>\n\t\t\t\t<\/div>\n\t\t\t\t\t<\/div>\n\t\t<\/div>\n\t\t\t\t\t<\/div>\n\t\t<\/section>\n\t\t\t\t<section class=\"elementor-section elementor-top-section elementor-element elementor-element-271fb8e elementor-section-height-min-height elementor-section-boxed elementor-section-height-default elementor-section-items-middle\" data-id=\"271fb8e\" data-element_type=\"section\" data-settings=\"{&quot;background_background&quot;:&quot;classic&quot;}\">\n\t\t\t\t\t\t<div class=\"elementor-container elementor-column-gap-default\">\n\t\t\t\t\t<div class=\"elementor-column elementor-col-100 elementor-top-column elementor-element elementor-element-023108c\" data-id=\"023108c\" data-element_type=\"column\">\n\t\t\t<div class=\"elementor-widget-wrap\">\n\t\t\t\t\t\t\t<\/div>\n\t\t<\/div>\n\t\t\t\t\t<\/div>\n\t\t<\/section>\n\t\t\t\t<\/div>\n\t\t","protected":false},"excerpt":{"rendered":"<p>Contact us at We value your comments, questions and concerns. Please do not hesitate to contact us. Our team is here to assist you with everything you need. NombreEmail*Tel\u00e9fono*Hu\u00e9spedes*Check-in*Check out*CiudadPa\u00edsMensaje Enviar Correo<\/p>\n","protected":false},"author":1,"featured_media":0,"parent":0,"menu_order":0,"comment_status":"open","ping_status":"closed","template":"elementor_header_footer","meta":{"inline_featured_image":false,"footnotes":""},"class_list":["post-41537","page","type-page","status-publish","hentry"],"aioseo_notices":[],"_links":{"self":[{"href":"https:\/\/ruralhomes.es\/en\/index.php\/wp-json\/wp\/v2\/pages\/41537","targetHints":{"allow":["GET"]}}],"collection":[{"href":"https:\/\/ruralhomes.es\/en\/index.php\/wp-json\/wp\/v2\/pages"}],"about":[{"href":"https:\/\/ruralhomes.es\/en\/index.php\/wp-json\/wp\/v2\/types\/page"}],"author":[{"embeddable":true,"href":"https:\/\/ruralhomes.es\/en\/index.php\/wp-json\/wp\/v2\/users\/1"}],"replies":[{"embeddable":true,"href":"https:\/\/ruralhomes.es\/en\/index.php\/wp-json\/wp\/v2\/comments?post=41537"}],"version-history":[{"count":2,"href":"https:\/\/ruralhomes.es\/en\/index.php\/wp-json\/wp\/v2\/pages\/41537\/revisions"}],"predecessor-version":[{"id":41675,"href":"https:\/\/ruralhomes.es\/en\/index.php\/wp-json\/wp\/v2\/pages\/41537\/revisions\/41675"}],"wp:attachment":[{"href":"https:\/\/ruralhomes.es\/en\/index.php\/wp-json\/wp\/v2\/media?parent=41537"}],"curies":[{"name":"wp","href":"https:\/\/api.w.org\/{rel}","templated":true}]}}